{"id":1129,"date":"2022-09-30T13:14:14","date_gmt":"2022-09-30T11:14:14","guid":{"rendered":"https:\/\/cefisaa.es\/contact-us\/"},"modified":"2025-07-22T11:54:13","modified_gmt":"2025-07-22T09:54:13","slug":"contact-us","status":"publish","type":"page","link":"https:\/\/cefisaa.es\/en\/contact-us\/","title":{"rendered":"Contact us"},"content":{"rendered":"<style>.kb-row-layout-id1129_203f85-a5 > .kt-row-column-wrap{align-content:center;}:where(.kb-row-layout-id1129_203f85-a5 > .kt-row-column-wrap) > .wp-block-kadence-column{justify-content:center;}.kb-row-layout-id1129_203f85-a5 > .kt-row-column-wrap{column-gap:var(--global-kb-gap-lg, 4rem);row-gap:var(--global-kb-gap-none, 0rem );max-width:1440px;margin-left:auto;margin-right:auto;padding-top:75px;padding-right:20px;padding-bottom:75px;padding-left:20px;grid-template-columns:minmax(0, calc(15% - ((var(--global-kb-gap-lg, 4rem) * 1 )\/2)))minmax(0, calc(85% - ((var(--global-kb-gap-lg, 4rem) * 1 )\/2)));}.kb-row-layout-id1129_203f85-a5 > .kt-row-layout-overlay{opacity:0.30;}@media all and (max-width: 1024px){.kb-row-layout-id1129_203f85-a5 > .kt-row-column-wrap{padding-top:85px;padding-right:30px;padding-bottom:85px;padding-left:30px;grid-template-columns:minmax(0, 1fr);}}@media all and (max-width: 767px){.kb-row-layout-id1129_203f85-a5 > .kt-row-column-wrap{padding-top:50px;padding-right:20px;padding-left:20px;grid-template-columns:minmax(0, 1fr);}}<\/style><div class=\"kb-row-layout-wrap kb-row-layout-id1129_203f85-a5 alignnone wp-block-kadence-rowlayout\"><div class=\"kt-row-column-wrap kt-has-2-columns kt-row-layout-equal kt-tab-layout-row kt-mobile-layout-row kt-row-valign-middle kt-inner-column-height-full\">\n<style>.kadence-column1129_9bfb1b-67 > .kt-inside-inner-col{display:flex;}.kadence-column1129_9bfb1b-67 > .kt-inside-inner-col,.kadence-column1129_9bfb1b-67 > .kt-inside-inner-col:before{border-top-left-radius:0px;border-top-right-radius:0px;border-bottom-right-radius:0px;border-bottom-left-radius:0px;}.kadence-column1129_9bfb1b-67 > .kt-inside-inner-col{column-gap:var(--global-kb-gap-sm, 1rem);}.kadence-column1129_9bfb1b-67 > .kt-inside-inner-col{flex-direction:column;}.kadence-column1129_9bfb1b-67 > .kt-inside-inner-col > .aligncenter{width:100%;}.kadence-column1129_9bfb1b-67 > .kt-inside-inner-col{background-image:url('https:\/\/cefisaa.es\/wp-content\/uploads\/2022\/10\/contacto-scaled.jpg');background-size:cover;background-position:48% 0%;background-attachment:scroll;background-repeat:no-repeat;}.kadence-column1129_9bfb1b-67 > .kt-inside-inner-col:before{opacity:0.3;}.kadence-column1129_9bfb1b-67{position:relative;}@media all and (max-width: 1024px){.kadence-column1129_9bfb1b-67 > .kt-inside-inner-col{flex-direction:column;justify-content:center;}}@media all and (max-width: 767px){.kadence-column1129_9bfb1b-67 > .kt-inside-inner-col{flex-direction:column;justify-content:center;}}<\/style>\n<div class=\"wp-block-kadence-column kadence-column1129_9bfb1b-67 kvs-md-false kvs-sm-false\"><div class=\"kt-inside-inner-col\">\n<p><\/p>\n<\/div><\/div>\n\n\n<style>.kadence-column1129_b2497b-dc > .kt-inside-inner-col{display:flex;}.kadence-column1129_b2497b-dc > .kt-inside-inner-col{padding-top:0px;padding-bottom:0px;}.kadence-column1129_b2497b-dc > .kt-inside-inner-col,.kadence-column1129_b2497b-dc > .kt-inside-inner-col:before{border-top-left-radius:0px;border-top-right-radius:0px;border-bottom-right-radius:0px;border-bottom-left-radius:0px;}.kadence-column1129_b2497b-dc > .kt-inside-inner-col{column-gap:var(--global-kb-gap-sm, 1rem);}.kadence-column1129_b2497b-dc > .kt-inside-inner-col{flex-direction:column;}.kadence-column1129_b2497b-dc > .kt-inside-inner-col > .aligncenter{width:100%;}.kadence-column1129_b2497b-dc > .kt-inside-inner-col:before{opacity:0.3;}.kadence-column1129_b2497b-dc{position:relative;}@media all and (max-width: 1024px){.kadence-column1129_b2497b-dc > .kt-inside-inner-col{padding-top:0px;padding-right:0px;padding-bottom:0px;padding-left:0px;flex-direction:column;justify-content:center;}}@media all and (max-width: 767px){.kadence-column1129_b2497b-dc > .kt-inside-inner-col{padding-top:0px;padding-right:0px;padding-bottom:0px;padding-left:0px;flex-direction:column;justify-content:center;}}<\/style>\n<div class=\"wp-block-kadence-column kadence-column1129_b2497b-dc\"><div class=\"kt-inside-inner-col\">\n<div class=\"wp-block-contact-form-7-contact-form-selector\">\n<div class=\"wpcf7 no-js\" id=\"wpcf7-f1142-o1\" lang=\"en-US\" dir=\"ltr\" data-wpcf7-id=\"1142\">\n<div class=\"screen-reader-response\"><p role=\"status\" aria-live=\"polite\" aria-atomic=\"true\"><\/p> <ul><\/ul><\/div>\n<form action=\"\/en\/wp-json\/wp\/v2\/pages\/1129#wpcf7-f1142-o1\" method=\"post\" class=\"wpcf7-form init\" aria-label=\"Contact form\" novalidate=\"novalidate\" data-status=\"init\">\n<fieldset class=\"hidden-fields-container\"><input type=\"hidden\" name=\"_wpcf7\" value=\"1142\" \/><input type=\"hidden\" name=\"_wpcf7_version\" value=\"6.1.5\" \/><input type=\"hidden\" name=\"_wpcf7_locale\" value=\"en_US\" \/><input type=\"hidden\" name=\"_wpcf7_unit_tag\" value=\"wpcf7-f1142-o1\" \/><input type=\"hidden\" name=\"_wpcf7_container_post\" value=\"0\" \/><input type=\"hidden\" name=\"_wpcf7_posted_data_hash\" value=\"\" \/>\n<\/fieldset>\n<div class=\"formulario-contacto\">\n\t<div class=\"medios\">\n\t\t<p><span class=\"wpcf7-form-control-wrap\" data-name=\"nombre\"><input size=\"40\" maxlength=\"400\" class=\"wpcf7-form-control wpcf7-text wpcf7-validates-as-required\" aria-required=\"true\" aria-invalid=\"false\" placeholder=\"Name\" value=\"\" type=\"text\" name=\"nombre\" \/><\/span><br \/>\n<span class=\"wpcf7-form-control-wrap\" data-name=\"apellidos\"><input size=\"40\" maxlength=\"400\" class=\"wpcf7-form-control wpcf7-text wpcf7-validates-as-required\" aria-required=\"true\" aria-invalid=\"false\" placeholder=\"Surname\" value=\"\" type=\"text\" name=\"apellidos\" \/><\/span>\n\t\t<\/p>\n\t<\/div>\n\t<div class=\"medios\">\n\t\t<p><span class=\"wpcf7-form-control-wrap\" data-name=\"email\"><input size=\"40\" maxlength=\"400\" class=\"wpcf7-form-control wpcf7-email wpcf7-validates-as-required wpcf7-text wpcf7-validates-as-email\" aria-required=\"true\" aria-invalid=\"false\" placeholder=\"Email\" value=\"\" type=\"email\" name=\"email\" \/><\/span><br \/>\n<span class=\"wpcf7-form-control-wrap\" data-name=\"telefono\"><input size=\"40\" maxlength=\"400\" class=\"wpcf7-form-control wpcf7-tel wpcf7-validates-as-required wpcf7-text wpcf7-validates-as-tel\" aria-required=\"true\" aria-invalid=\"false\" placeholder=\"Phone number\" value=\"\" type=\"tel\" name=\"telefono\" \/><\/span>\n\t\t<\/p>\n\t<\/div>\n\t<div class=\"ancho-completo\" style=\"margin-bottom: 16px;\">\n\t\t<p><span class=\"wpcf7-form-control-wrap\" data-name=\"servicios\"><select class=\"wpcf7-form-control wpcf7-select wpcf7-validates-as-required\" aria-required=\"true\" aria-invalid=\"false\" name=\"servicios\"><option value=\"\">Practice areas<\/option><option value=\"Tax\">Tax<\/option><option value=\"Commercial Law\">Commercial Law<\/option><option value=\"Employment Law\">Employment Law<\/option><option value=\"Accounting\">Accounting<\/option><option value=\"Auditing\">Auditing<\/option><\/select><\/span>\n\t\t<\/p>\n\t<\/div>\n\t<div class=\"ancho-completo\">\n\t\t<p><span class=\"wpcf7-form-control-wrap\" data-name=\"mensaje\"><textarea cols=\"40\" rows=\"10\" maxlength=\"2000\" class=\"wpcf7-form-control wpcf7-textarea wpcf7-validates-as-required\" aria-required=\"true\" aria-invalid=\"false\" placeholder=\"Message\" name=\"mensaje\"><\/textarea><\/span>\n\t\t<\/p>\n\t\t<div class=\"archivo\">\n\t\t\t<p><br \/>\n<span class=\"wpcf7-form-control-wrap\" data-name=\"archivo-adjunto\"><br \/>\n<label class=\"custom-file-upload\"><br \/>\n<input class=\"wpcf7-form-control wpcf7-file\" accept=\"audio\/*,video\/*,image\/*\" aria-invalid=\"false\" type=\"file\" name=\"archivo-adjunto\" style=\"position: absolute; width: 0; height: 0; opacity: 0;\" \/><br \/>\n<span class=\"file-button\">Select file<\/span><br \/>\n<\/label><br \/>\n<span class=\"file-name\"><\/span><br \/>\n<\/span>\n\t\t\t<\/p>\n\t\t<\/div>\n\t<\/div>\n\t<div class=\"aceptacion\">\n\t\t<p class=\"info-legal\">You are hereby informed that if you contact us regarding to tax or legal advice services or accounting services, your Data Controllers are CEFISA ASESORES, S.L. or CEFISA SERVICIOS CONTABLES, S.L. If you contact us regarding to audit services, your Data Controller is CEFISA AUDITORES, S.L.P. The purpose of processing your data is the management, study and resolution of the enquiries made or, where appropriate, the management of personnel selection processes. The aforementioned entities shall be authorised to process such data by way of the consent you are hereby providing and by the article 6.1.b GDPR for the application at the request of the user of pre-contractual measures or the intention of conclude a contract. Your data shall be shared with third parties companies providing services to the data controllers. You are hereby declaring that you are over 14 years old and therefore, that you have the required legal capacity to provide this consent according to the provisions of our Privacy Policy. You can access, rectify and eliminate the data, as well as other rights in the additional information provided. You can access the additional detailed information on Data Protection by clicking here <a href=\"https:\/\/cefisaa.es\/en\/privacy-policy\/\">+ info.<\/a>\n\t\t<\/p>\n\t\t<p><span class=\"wpcf7-form-control-wrap\" data-name=\"aceptacion\"><span class=\"wpcf7-form-control wpcf7-acceptance optional\"><span class=\"wpcf7-list-item\"><label><input type=\"checkbox\" name=\"aceptacion\" value=\"1\" aria-invalid=\"false\" \/><span class=\"wpcf7-list-item-label\">I have read and accept the <a href=\"https:\/\/cefisaa.es\/politica-de-privacidad\/\">Privacy Policy<\/a><\/span><\/label><\/span><\/span><\/span>\n\t\t<\/p>\n\t<\/div>\n\t<p><input class=\"wpcf7-form-control wpcf7-submit has-spinner\" type=\"submit\" value=\"Send\" \/>\n\t<\/p>\n<\/div><p style=\"display: none !important;\" class=\"akismet-fields-container\" data-prefix=\"_wpcf7_ak_\"><label>&#916;<textarea name=\"_wpcf7_ak_hp_textarea\" cols=\"45\" rows=\"8\" maxlength=\"100\"><\/textarea><\/label><input type=\"hidden\" id=\"ak_js_1\" name=\"_wpcf7_ak_js\" value=\"118\"\/><script>\ndocument.getElementById( \"ak_js_1\" ).setAttribute( \"value\", ( new Date() ).getTime() );\n<\/script>\n<\/p><div class=\"wpcf7-response-output\" aria-hidden=\"true\"><\/div>\n<\/form>\n<\/div>\n<\/div>\n<\/div><\/div>\n\n<\/div><\/div>","protected":false},"excerpt":{"rendered":"","protected":false},"author":2,"featured_media":0,"parent":0,"menu_order":0,"comment_status":"closed","ping_status":"closed","template":"","meta":{"_acf_changed":false,"inline_featured_image":false,"_kad_post_transparent":"","_kad_post_title":"","_kad_post_layout":"","_kad_post_sidebar_id":"","_kad_post_content_style":"","_kad_post_vertical_padding":"","_kad_post_feature":"","_kad_post_feature_position":"","_kad_post_header":false,"_kad_post_footer":false,"_kad_post_classname":"","footnotes":""},"class_list":["post-1129","page","type-page","status-publish","hentry"],"acf":[],"yoast_head":"<!-- This site is optimized with the Yoast SEO plugin v27.5 - https:\/\/yoast.com\/product\/yoast-seo-wordpress\/ -->\n<title>\u25b7Contact us | CEFISA<\/title>\n<meta name=\"description\" content=\"Contact us | Asesoramiento fiscal, mercantil y laboral en C\u00f3rdoba | Servicios de auditor\u00eda en C\u00f3rdoba\" \/>\n<meta name=\"robots\" content=\"index, follow, max-snippet:-1, max-image-preview:large, max-video-preview:-1\" \/>\n<link rel=\"canonical\" href=\"https:\/\/cefisaa.es\/en\/contact-us\/\" \/>\n<meta property=\"og:locale\" content=\"en_US\" \/>\n<meta property=\"og:type\" content=\"article\" \/>\n<meta property=\"og:title\" content=\"\u25b7Contact us | CEFISA\" \/>\n<meta property=\"og:description\" content=\"Contact us | Asesoramiento fiscal, mercantil y laboral en C\u00f3rdoba | Servicios de auditor\u00eda en C\u00f3rdoba\" \/>\n<meta property=\"og:url\" content=\"https:\/\/cefisaa.es\/en\/contact-us\/\" \/>\n<meta property=\"og:site_name\" content=\"Cefisa\" \/>\n<meta property=\"article:modified_time\" content=\"2025-07-22T09:54:13+00:00\" \/>\n<meta name=\"twitter:card\" content=\"summary_large_image\" \/>\n<meta name=\"twitter:label1\" content=\"Est. reading time\" \/>\n\t<meta name=\"twitter:data1\" content=\"1 minute\" \/>\n<script type=\"application\/ld+json\" class=\"yoast-schema-graph\">{\"@context\":\"https:\\\/\\\/schema.org\",\"@graph\":[{\"@type\":\"WebPage\",\"@id\":\"https:\\\/\\\/cefisaa.es\\\/en\\\/contact-us\\\/\",\"url\":\"https:\\\/\\\/cefisaa.es\\\/en\\\/contact-us\\\/\",\"name\":\"\u25b7Contact us | CEFISA\",\"isPartOf\":{\"@id\":\"https:\\\/\\\/cefisaa.es\\\/en\\\/#website\"},\"datePublished\":\"2022-09-30T11:14:14+00:00\",\"dateModified\":\"2025-07-22T09:54:13+00:00\",\"description\":\"Contact us | Asesoramiento fiscal, mercantil y laboral en C\u00f3rdoba | Servicios de auditor\u00eda en C\u00f3rdoba\",\"breadcrumb\":{\"@id\":\"https:\\\/\\\/cefisaa.es\\\/en\\\/contact-us\\\/#breadcrumb\"},\"inLanguage\":\"en-US\",\"potentialAction\":[{\"@type\":\"ReadAction\",\"target\":[\"https:\\\/\\\/cefisaa.es\\\/en\\\/contact-us\\\/\"]}]},{\"@type\":\"BreadcrumbList\",\"@id\":\"https:\\\/\\\/cefisaa.es\\\/en\\\/contact-us\\\/#breadcrumb\",\"itemListElement\":[{\"@type\":\"ListItem\",\"position\":1,\"name\":\"Portada\",\"item\":\"https:\\\/\\\/cefisaa.es\\\/en\\\/home\\\/\"},{\"@type\":\"ListItem\",\"position\":2,\"name\":\"Contact us\"}]},{\"@type\":\"WebSite\",\"@id\":\"https:\\\/\\\/cefisaa.es\\\/en\\\/#website\",\"url\":\"https:\\\/\\\/cefisaa.es\\\/en\\\/\",\"name\":\"Cefisa\",\"description\":\"\",\"publisher\":{\"@id\":\"https:\\\/\\\/cefisaa.es\\\/en\\\/#organization\"},\"potentialAction\":[{\"@type\":\"SearchAction\",\"target\":{\"@type\":\"EntryPoint\",\"urlTemplate\":\"https:\\\/\\\/cefisaa.es\\\/en\\\/?s={search_term_string}\"},\"query-input\":{\"@type\":\"PropertyValueSpecification\",\"valueRequired\":true,\"valueName\":\"search_term_string\"}}],\"inLanguage\":\"en-US\"},{\"@type\":\"Organization\",\"@id\":\"https:\\\/\\\/cefisaa.es\\\/en\\\/#organization\",\"name\":\"Cefisa\",\"url\":\"https:\\\/\\\/cefisaa.es\\\/en\\\/\",\"logo\":{\"@type\":\"ImageObject\",\"inLanguage\":\"en-US\",\"@id\":\"https:\\\/\\\/cefisaa.es\\\/en\\\/#\\\/schema\\\/logo\\\/image\\\/\",\"url\":\"https:\\\/\\\/cefisaa.es\\\/wp-content\\\/uploads\\\/2022\\\/10\\\/image2vector.svg\",\"contentUrl\":\"https:\\\/\\\/cefisaa.es\\\/wp-content\\\/uploads\\\/2022\\\/10\\\/image2vector.svg\",\"width\":400,\"height\":133,\"caption\":\"Cefisa\"},\"image\":{\"@id\":\"https:\\\/\\\/cefisaa.es\\\/en\\\/#\\\/schema\\\/logo\\\/image\\\/\"}}]}<\/script>\n<!-- \/ Yoast SEO plugin. -->","yoast_head_json":{"title":"\u25b7Contact us | CEFISA","description":"Contact us | Asesoramiento fiscal, mercantil y laboral en C\u00f3rdoba | Servicios de auditor\u00eda en C\u00f3rdoba","robots":{"index":"index","follow":"follow","max-snippet":"max-snippet:-1","max-image-preview":"max-image-preview:large","max-video-preview":"max-video-preview:-1"},"canonical":"https:\/\/cefisaa.es\/en\/contact-us\/","og_locale":"en_US","og_type":"article","og_title":"\u25b7Contact us | CEFISA","og_description":"Contact us | Asesoramiento fiscal, mercantil y laboral en C\u00f3rdoba | Servicios de auditor\u00eda en C\u00f3rdoba","og_url":"https:\/\/cefisaa.es\/en\/contact-us\/","og_site_name":"Cefisa","article_modified_time":"2025-07-22T09:54:13+00:00","twitter_card":"summary_large_image","twitter_misc":{"Est. reading time":"1 minute"},"schema":{"@context":"https:\/\/schema.org","@graph":[{"@type":"WebPage","@id":"https:\/\/cefisaa.es\/en\/contact-us\/","url":"https:\/\/cefisaa.es\/en\/contact-us\/","name":"\u25b7Contact us | CEFISA","isPartOf":{"@id":"https:\/\/cefisaa.es\/en\/#website"},"datePublished":"2022-09-30T11:14:14+00:00","dateModified":"2025-07-22T09:54:13+00:00","description":"Contact us | Asesoramiento fiscal, mercantil y laboral en C\u00f3rdoba | Servicios de auditor\u00eda en C\u00f3rdoba","breadcrumb":{"@id":"https:\/\/cefisaa.es\/en\/contact-us\/#breadcrumb"},"inLanguage":"en-US","potentialAction":[{"@type":"ReadAction","target":["https:\/\/cefisaa.es\/en\/contact-us\/"]}]},{"@type":"BreadcrumbList","@id":"https:\/\/cefisaa.es\/en\/contact-us\/#breadcrumb","itemListElement":[{"@type":"ListItem","position":1,"name":"Portada","item":"https:\/\/cefisaa.es\/en\/home\/"},{"@type":"ListItem","position":2,"name":"Contact us"}]},{"@type":"WebSite","@id":"https:\/\/cefisaa.es\/en\/#website","url":"https:\/\/cefisaa.es\/en\/","name":"Cefisa","description":"","publisher":{"@id":"https:\/\/cefisaa.es\/en\/#organization"},"potentialAction":[{"@type":"SearchAction","target":{"@type":"EntryPoint","urlTemplate":"https:\/\/cefisaa.es\/en\/?s={search_term_string}"},"query-input":{"@type":"PropertyValueSpecification","valueRequired":true,"valueName":"search_term_string"}}],"inLanguage":"en-US"},{"@type":"Organization","@id":"https:\/\/cefisaa.es\/en\/#organization","name":"Cefisa","url":"https:\/\/cefisaa.es\/en\/","logo":{"@type":"ImageObject","inLanguage":"en-US","@id":"https:\/\/cefisaa.es\/en\/#\/schema\/logo\/image\/","url":"https:\/\/cefisaa.es\/wp-content\/uploads\/2022\/10\/image2vector.svg","contentUrl":"https:\/\/cefisaa.es\/wp-content\/uploads\/2022\/10\/image2vector.svg","width":400,"height":133,"caption":"Cefisa"},"image":{"@id":"https:\/\/cefisaa.es\/en\/#\/schema\/logo\/image\/"}}]}},"_links":{"self":[{"href":"https:\/\/cefisaa.es\/en\/wp-json\/wp\/v2\/pages\/1129","targetHints":{"allow":["GET"]}}],"collection":[{"href":"https:\/\/cefisaa.es\/en\/wp-json\/wp\/v2\/pages"}],"about":[{"href":"https:\/\/cefisaa.es\/en\/wp-json\/wp\/v2\/types\/page"}],"author":[{"embeddable":true,"href":"https:\/\/cefisaa.es\/en\/wp-json\/wp\/v2\/users\/2"}],"replies":[{"embeddable":true,"href":"https:\/\/cefisaa.es\/en\/wp-json\/wp\/v2\/comments?post=1129"}],"version-history":[{"count":14,"href":"https:\/\/cefisaa.es\/en\/wp-json\/wp\/v2\/pages\/1129\/revisions"}],"predecessor-version":[{"id":5484,"href":"https:\/\/cefisaa.es\/en\/wp-json\/wp\/v2\/pages\/1129\/revisions\/5484"}],"wp:attachment":[{"href":"https:\/\/cefisaa.es\/en\/wp-json\/wp\/v2\/media?parent=1129"}],"curies":[{"name":"wp","href":"https:\/\/api.w.org\/{rel}","templated":true}]}}