{"id":1120,"date":"2022-09-30T13:05:31","date_gmt":"2022-09-30T11:05:31","guid":{"rendered":"https:\/\/cefisaa.es\/cookies-policy\/"},"modified":"2025-07-10T19:34:14","modified_gmt":"2025-07-10T17:34:14","slug":"cookies-policy","status":"publish","type":"page","link":"https:\/\/cefisaa.es\/en\/cookies-policy\/","title":{"rendered":"Cookies policy"},"content":{"rendered":"<style>.kb-row-layout-id1120_021dca-e8 > .kt-row-column-wrap{align-content:start;}:where(.kb-row-layout-id1120_021dca-e8 > .kt-row-column-wrap) > .wp-block-kadence-column{justify-content:start;}.kb-row-layout-id1120_021dca-e8 > .kt-row-column-wrap{column-gap:var(--global-kb-gap-md, 2rem);row-gap:var(--global-kb-gap-md, 2rem);max-width:1400px;margin-left:auto;margin-right:auto;padding-top:50px;padding-right:40px;padding-bottom:50px;padding-left:40px;grid-template-columns:minmax(0, 1fr);}.kb-row-layout-id1120_021dca-e8 > .kt-row-layout-overlay{opacity:0.30;}@media all and (max-width: 1024px){.kb-row-layout-id1120_021dca-e8 > .kt-row-column-wrap{padding-top:30px;padding-bottom:30px;grid-template-columns:minmax(0, 1fr);}}@media all and (max-width: 767px){.kb-row-layout-id1120_021dca-e8 > .kt-row-column-wrap{padding-top:20px;padding-right:24px;padding-bottom:20px;padding-left:24px;grid-template-columns:minmax(0, 1fr);}}<\/style><div class=\"kb-row-layout-wrap kb-row-layout-id1120_021dca-e8 alignnone wp-block-kadence-rowlayout\"><div class=\"kt-row-column-wrap kt-has-1-columns kt-row-layout-equal kt-tab-layout-inherit kt-mobile-layout-row kt-row-valign-top\">\n<style>.kadence-column1120_dfab4f-ad > .kt-inside-inner-col,.kadence-column1120_dfab4f-ad > .kt-inside-inner-col:before{border-top-left-radius:0px;border-top-right-radius:0px;border-bottom-right-radius:0px;border-bottom-left-radius:0px;}.kadence-column1120_dfab4f-ad > .kt-inside-inner-col{column-gap:var(--global-kb-gap-sm, 1rem);}.kadence-column1120_dfab4f-ad > .kt-inside-inner-col{flex-direction:column;}.kadence-column1120_dfab4f-ad > .kt-inside-inner-col > .aligncenter{width:100%;}.kadence-column1120_dfab4f-ad > .kt-inside-inner-col:before{opacity:0.3;}.kadence-column1120_dfab4f-ad{position:relative;}@media all and (max-width: 1024px){.kadence-column1120_dfab4f-ad > .kt-inside-inner-col{flex-direction:column;justify-content:center;}}@media all and (max-width: 767px){.kadence-column1120_dfab4f-ad > .kt-inside-inner-col{flex-direction:column;justify-content:center;}}<\/style>\n<div class=\"wp-block-kadence-column kadence-column1120_dfab4f-ad inner-column-1\"><div class=\"kt-inside-inner-col\">\n<p><strong>DEFINITION OF COOKIES<\/strong><\/p>\n\n\n\n<p>A cookie is a file that is downloaded to your computer when you access certain websites. Cookies allow a website, among other things, to store and retrieve information about the browsing habits of a user or his\/her computer and, depending on the information they contain and the way he\/she uses his\/her computer, they can be used to recognise the user.<\/p>\n\n\n\n<p>The website of CEFISA ASESORES, S.L. uses its own and third party cookies, all in the domain \u201ccefisaa.es\u201d<br><\/p>\n\n\n\n<p><strong>TYPES OF COOKIES<\/strong><\/p>\n\n\n\n<p><strong>1. Types of cookies depending on the entity that manages them<\/strong><\/p>\n\n\n\n<p><span style=\"text-decoration: underline;\">Own Cookies:<\/span> Are those that are sent to the user&#8217;s terminal equipment from a computer or domain managed by the editor himself and from which the service requested by the user is provided.<\/p>\n\n\n\n<p><span style=\"text-decoration: underline;\">Third Party Cookies:<\/span> They are those that are sent to the user&#8217;s terminal equipment from a computer or domain that is not managed by the publisher, but by another entity that processes the data obtained through cookies.<\/p>\n\n\n\n<p><strong>2. Types of cookies, according to their purpose<\/strong><\/p>\n\n\n\n<p><span style=\"text-decoration: underline;\">Technical Cookies:<\/span> Are those that allow the user to navigate through the website, platform or application and use the different options or services that exist therein.<\/p>\n\n\n\n<p><span style=\"text-decoration: underline;\">Analysis Cookies:<\/span> They are those that allow the person responsible for them to monitor and analyse the behaviour of the users of the websites to which they are linked.<\/p>\n\n\n\n<p><span style=\"text-decoration: underline;\">Personalization Cookies:<\/span> These cookies store information on user behaviour obtained by recording their browsing habits, which allows a specific profile to be developed to provide commercial information adapted to their tastes and preferences. They store information such as connection type, language, browsing patterns or location.<\/p>\n\n\n\n<p><span style=\"text-decoration: underline;\">Behavioural Advertising Cookies:<\/span> They are those that store information on user behaviour obtained through continuous observation of their browsing habits, which allows the development of a specific profile to display advertising based on it.<\/p>\n\n\n\n<p><strong>3. Types of cookies, according to the length of time they remain activated<\/strong><\/p>\n\n\n\n<p><span style=\"text-decoration: underline;\">Session Cookies:<\/span> They are designed to collect and store data while the user accesses a web page. They are usually used to provide the service requested by the user on a single occasion.<\/p>\n\n\n\n<p><span style=\"text-decoration: underline;\">Persistent Cookies:<\/span> They are designed so that the data remains stored in the terminal and can be accessed and processed during a period defined by the person responsible for the cookie, which can range from a few minutes to several years.<\/p>\n\n\n\n<p><strong>COOKIES EMPLOYED AT<\/strong> <strong>WWW.CEFISAA.ES<\/strong><\/p>\n\n\n\n<figure class=\"wp-block-table\"><table><tbody><tr><td><strong>NAME COOKIE<\/strong><\/td><td><strong>TYPE OF COOKIE<\/strong><\/td><td><strong>CADUCITY<\/strong><\/td><td><strong>DESCRIPTION<\/strong><\/td><\/tr><tr><td>_gid<\/td><td>Statistics<\/td><td>24 hours<\/td><td>Store and track visits across multiple websites.<\/td><\/tr><tr><td>_ga<\/td><td>Statistics<\/td><td>2 years<\/td><td>Store and track visits across multiple websites.<\/td><\/tr><tr><td>_gat<\/td><td>Statistics<\/td><td>1 minute<\/td><td>Store and track visits across multiple websites.<\/td><\/tr><\/tbody><\/table><\/figure>\n\n\n\n<p><strong>COOKIE MANAGEMENT<\/strong><\/p>\n\n\n\n<p><strong>1. Why I should allow cookies?<\/strong><\/p>\n\n\n\n<p>By enabling cookies, you can get a better experience on our website.<\/p>\n\n\n\n<p>In addition, there are some basic actions that require cookies (technical) and that allow the website to develop its functionalities. <\/p>\n\n\n\n<p><strong>2. What happens if I block cookies?<\/strong><\/p>\n\n\n\n<p>If you choose to block cookies, it may prevent some features of the site from working properly. This will restrict what you can do on the site.<\/p>\n\n\n\n<p>If you accept these limitations and decide to block cookies, please follow the instructions for your browser in the following section.<\/p>\n\n\n\n<p><strong>3. How can I block or allow cookies?<\/strong><\/p>\n\n\n\n<p>You can allow, know, block or delete the cookies installed on your computer by configuring the options of the browser installed on your computer.<\/p>\n\n\n\n<p>You can find information on how to do this in the case you use:<\/p>\n\n\n\n<p>Chrome:<\/p>\n\n\n\n<p><a href=\"http:\/\/support.google.com\/chrome\/bin\/answer.py?hl=es&amp;answer=95647\">http:\/\/support.google.com\/chrome\/bin\/answer.py?hl=es&amp;answer=95647<\/a><\/p>\n\n\n\n<p>Explorer: <\/p>\n\n\n\n<p><a href=\"http:\/\/windows.microsoft.com\/es-es\/windows7\/how-to-manage-cookies-in-internet-explorer-9\">http:\/\/windows.microsoft.com\/es-es\/windows7\/how-to-manage-cookies-in-internet-explorer-9<\/a><\/p>\n\n\n\n<p>Firefox: <\/p>\n\n\n\n<p><a href=\"https:\/\/support.mozilla.org\/es\/kb\/habilitar-y-deshabilitar-cookies-sitios-web-rastrear-preferencias\">https:\/\/support.mozilla.org\/es\/kb\/habilitar-y-deshabilitar-cookies-sitios-web-rastrear-preferencias<\/a><\/p>\n\n\n\n<p>Safari:<\/p>\n\n\n\n<p><a href=\"http:\/\/support.apple.com\/kb\/ph5042\">http:\/\/support.apple.com\/kb\/ph5042<\/a><\/p>\n\n\n\n<p>Opera:<\/p>\n\n\n\n<p><a href=\"http:\/\/www.opera.com\/help\/tutorials\/security\/privacy\/\">http:\/\/www.opera.com\/help\/tutorials\/security\/privacy\/<\/a><\/p>\n\n\n\n<p><strong>PRIVACY AND DATA PROCESSING<\/strong><\/p>\n\n\n\n<p>The COMPANY processes its personal data in accordance with the provisions of Regulation (EU) 2016\/679 of the European Parliament and of the Council of 27 April 2016 on the protection of individuals with regard to the processing of personal data and on the free movement of such data and repealing Directive 95\/46\/EC (General Data Protection Regulation) and LO 3\/2018. Information on the processing of your personal data, according to Article 13 of Section 2 of the above-mentioned Regulation and LO 3\/2018, can be found at the <a href=\"https:\/\/cefisaa.es\/en\/privacy-policy\/\">Privacy Policy.<\/a><\/p>\n\n\n\n<p><strong>DATA ACCESS<\/strong><\/p>\n\n\n\n<p>Our website&#8217;s cookies are used by: <\/p>\n\n\n\n<ul class=\"wp-block-list\">\n<li>The owner of the website CEFISA ASESORES, S.L., with CIF B14997902 and registered office in Avenida Gran Capit\u00e1n 20, 2\u00baC, 14001, C\u00f3rdoba.<\/li>\n\n\n\n<li>GOOGLE INC., 1600 AmphitheatreParkway, Mountain View (California), CA 94043, Estados Unidos<\/li>\n<\/ul>\n<\/div><\/div>\n\n<\/div><\/div>","protected":false},"excerpt":{"rendered":"<p>DEFINITION OF COOKIES A cookie is a file that is downloaded to your computer when you access certain websites. Cookies allow a website, among other things, to store and retrieve information about the browsing habits of a user or his\/her computer and, depending on the information they contain and the way he\/she uses his\/her computer,&#8230;<\/p>\n","protected":false},"author":2,"featured_media":0,"parent":0,"menu_order":0,"comment_status":"closed","ping_status":"closed","template":"","meta":{"_acf_changed":false,"inline_featured_image":false,"_kad_post_transparent":"","_kad_post_title":"","_kad_post_layout":"","_kad_post_sidebar_id":"","_kad_post_content_style":"","_kad_post_vertical_padding":"","_kad_post_feature":"","_kad_post_feature_position":"","_kad_post_header":false,"_kad_post_footer":false,"_kad_post_classname":"","footnotes":""},"class_list":["post-1120","page","type-page","status-publish","hentry"],"acf":[],"yoast_head":"<!-- This site is optimized with the Yoast SEO plugin v27.5 - https:\/\/yoast.com\/product\/yoast-seo-wordpress\/ -->\n<title>\u25b7Cookies policy | CEFISA<\/title>\n<meta name=\"description\" content=\"Cookies policy | Asesoramiento fiscal, mercantil y laboral en C\u00f3rdoba | Servicios de auditor\u00eda en C\u00f3rdoba\" \/>\n<meta name=\"robots\" content=\"noindex, follow\" \/>\n<meta property=\"og:locale\" content=\"en_US\" \/>\n<meta property=\"og:type\" content=\"article\" \/>\n<meta property=\"og:title\" content=\"\u25b7Cookies policy | CEFISA\" \/>\n<meta property=\"og:description\" content=\"Cookies policy | Asesoramiento fiscal, mercantil y laboral en C\u00f3rdoba | Servicios de auditor\u00eda en C\u00f3rdoba\" \/>\n<meta property=\"og:url\" content=\"https:\/\/cefisaa.es\/en\/cookies-policy\/\" \/>\n<meta property=\"og:site_name\" content=\"Cefisa\" \/>\n<meta property=\"article:modified_time\" content=\"2025-07-10T17:34:14+00:00\" \/>\n<meta name=\"twitter:card\" content=\"summary_large_image\" \/>\n<meta name=\"twitter:label1\" content=\"Est. reading time\" \/>\n\t<meta name=\"twitter:data1\" content=\"4 minutes\" \/>\n<script type=\"application\/ld+json\" class=\"yoast-schema-graph\">{\"@context\":\"https:\\\/\\\/schema.org\",\"@graph\":[{\"@type\":\"WebPage\",\"@id\":\"https:\\\/\\\/cefisaa.es\\\/en\\\/cookies-policy\\\/\",\"url\":\"https:\\\/\\\/cefisaa.es\\\/en\\\/cookies-policy\\\/\",\"name\":\"\u25b7Cookies policy | CEFISA\",\"isPartOf\":{\"@id\":\"https:\\\/\\\/cefisaa.es\\\/en\\\/#website\"},\"datePublished\":\"2022-09-30T11:05:31+00:00\",\"dateModified\":\"2025-07-10T17:34:14+00:00\",\"description\":\"Cookies policy | Asesoramiento fiscal, mercantil y laboral en C\u00f3rdoba | Servicios de auditor\u00eda en C\u00f3rdoba\",\"breadcrumb\":{\"@id\":\"https:\\\/\\\/cefisaa.es\\\/en\\\/cookies-policy\\\/#breadcrumb\"},\"inLanguage\":\"en-US\",\"potentialAction\":[{\"@type\":\"ReadAction\",\"target\":[\"https:\\\/\\\/cefisaa.es\\\/en\\\/cookies-policy\\\/\"]}]},{\"@type\":\"BreadcrumbList\",\"@id\":\"https:\\\/\\\/cefisaa.es\\\/en\\\/cookies-policy\\\/#breadcrumb\",\"itemListElement\":[{\"@type\":\"ListItem\",\"position\":1,\"name\":\"Portada\",\"item\":\"https:\\\/\\\/cefisaa.es\\\/en\\\/home\\\/\"},{\"@type\":\"ListItem\",\"position\":2,\"name\":\"Cookies policy\"}]},{\"@type\":\"WebSite\",\"@id\":\"https:\\\/\\\/cefisaa.es\\\/en\\\/#website\",\"url\":\"https:\\\/\\\/cefisaa.es\\\/en\\\/\",\"name\":\"Cefisa\",\"description\":\"\",\"publisher\":{\"@id\":\"https:\\\/\\\/cefisaa.es\\\/en\\\/#organization\"},\"potentialAction\":[{\"@type\":\"SearchAction\",\"target\":{\"@type\":\"EntryPoint\",\"urlTemplate\":\"https:\\\/\\\/cefisaa.es\\\/en\\\/?s={search_term_string}\"},\"query-input\":{\"@type\":\"PropertyValueSpecification\",\"valueRequired\":true,\"valueName\":\"search_term_string\"}}],\"inLanguage\":\"en-US\"},{\"@type\":\"Organization\",\"@id\":\"https:\\\/\\\/cefisaa.es\\\/en\\\/#organization\",\"name\":\"Cefisa\",\"url\":\"https:\\\/\\\/cefisaa.es\\\/en\\\/\",\"logo\":{\"@type\":\"ImageObject\",\"inLanguage\":\"en-US\",\"@id\":\"https:\\\/\\\/cefisaa.es\\\/en\\\/#\\\/schema\\\/logo\\\/image\\\/\",\"url\":\"https:\\\/\\\/cefisaa.es\\\/wp-content\\\/uploads\\\/2022\\\/10\\\/image2vector.svg\",\"contentUrl\":\"https:\\\/\\\/cefisaa.es\\\/wp-content\\\/uploads\\\/2022\\\/10\\\/image2vector.svg\",\"width\":400,\"height\":133,\"caption\":\"Cefisa\"},\"image\":{\"@id\":\"https:\\\/\\\/cefisaa.es\\\/en\\\/#\\\/schema\\\/logo\\\/image\\\/\"}}]}<\/script>\n<!-- \/ Yoast SEO plugin. -->","yoast_head_json":{"title":"\u25b7Cookies policy | CEFISA","description":"Cookies policy | Asesoramiento fiscal, mercantil y laboral en C\u00f3rdoba | Servicios de auditor\u00eda en C\u00f3rdoba","robots":{"index":"noindex","follow":"follow"},"og_locale":"en_US","og_type":"article","og_title":"\u25b7Cookies policy | CEFISA","og_description":"Cookies policy | Asesoramiento fiscal, mercantil y laboral en C\u00f3rdoba | Servicios de auditor\u00eda en C\u00f3rdoba","og_url":"https:\/\/cefisaa.es\/en\/cookies-policy\/","og_site_name":"Cefisa","article_modified_time":"2025-07-10T17:34:14+00:00","twitter_card":"summary_large_image","twitter_misc":{"Est. reading time":"4 minutes"},"schema":{"@context":"https:\/\/schema.org","@graph":[{"@type":"WebPage","@id":"https:\/\/cefisaa.es\/en\/cookies-policy\/","url":"https:\/\/cefisaa.es\/en\/cookies-policy\/","name":"\u25b7Cookies policy | CEFISA","isPartOf":{"@id":"https:\/\/cefisaa.es\/en\/#website"},"datePublished":"2022-09-30T11:05:31+00:00","dateModified":"2025-07-10T17:34:14+00:00","description":"Cookies policy | Asesoramiento fiscal, mercantil y laboral en C\u00f3rdoba | Servicios de auditor\u00eda en C\u00f3rdoba","breadcrumb":{"@id":"https:\/\/cefisaa.es\/en\/cookies-policy\/#breadcrumb"},"inLanguage":"en-US","potentialAction":[{"@type":"ReadAction","target":["https:\/\/cefisaa.es\/en\/cookies-policy\/"]}]},{"@type":"BreadcrumbList","@id":"https:\/\/cefisaa.es\/en\/cookies-policy\/#breadcrumb","itemListElement":[{"@type":"ListItem","position":1,"name":"Portada","item":"https:\/\/cefisaa.es\/en\/home\/"},{"@type":"ListItem","position":2,"name":"Cookies policy"}]},{"@type":"WebSite","@id":"https:\/\/cefisaa.es\/en\/#website","url":"https:\/\/cefisaa.es\/en\/","name":"Cefisa","description":"","publisher":{"@id":"https:\/\/cefisaa.es\/en\/#organization"},"potentialAction":[{"@type":"SearchAction","target":{"@type":"EntryPoint","urlTemplate":"https:\/\/cefisaa.es\/en\/?s={search_term_string}"},"query-input":{"@type":"PropertyValueSpecification","valueRequired":true,"valueName":"search_term_string"}}],"inLanguage":"en-US"},{"@type":"Organization","@id":"https:\/\/cefisaa.es\/en\/#organization","name":"Cefisa","url":"https:\/\/cefisaa.es\/en\/","logo":{"@type":"ImageObject","inLanguage":"en-US","@id":"https:\/\/cefisaa.es\/en\/#\/schema\/logo\/image\/","url":"https:\/\/cefisaa.es\/wp-content\/uploads\/2022\/10\/image2vector.svg","contentUrl":"https:\/\/cefisaa.es\/wp-content\/uploads\/2022\/10\/image2vector.svg","width":400,"height":133,"caption":"Cefisa"},"image":{"@id":"https:\/\/cefisaa.es\/en\/#\/schema\/logo\/image\/"}}]}},"_links":{"self":[{"href":"https:\/\/cefisaa.es\/en\/wp-json\/wp\/v2\/pages\/1120","targetHints":{"allow":["GET"]}}],"collection":[{"href":"https:\/\/cefisaa.es\/en\/wp-json\/wp\/v2\/pages"}],"about":[{"href":"https:\/\/cefisaa.es\/en\/wp-json\/wp\/v2\/types\/page"}],"author":[{"embeddable":true,"href":"https:\/\/cefisaa.es\/en\/wp-json\/wp\/v2\/users\/2"}],"replies":[{"embeddable":true,"href":"https:\/\/cefisaa.es\/en\/wp-json\/wp\/v2\/comments?post=1120"}],"version-history":[{"count":8,"href":"https:\/\/cefisaa.es\/en\/wp-json\/wp\/v2\/pages\/1120\/revisions"}],"predecessor-version":[{"id":5375,"href":"https:\/\/cefisaa.es\/en\/wp-json\/wp\/v2\/pages\/1120\/revisions\/5375"}],"wp:attachment":[{"href":"https:\/\/cefisaa.es\/en\/wp-json\/wp\/v2\/media?parent=1120"}],"curies":[{"name":"wp","href":"https:\/\/api.w.org\/{rel}","templated":true}]}}